{"id":8,"date":"2022-11-01T06:32:36","date_gmt":"2022-11-01T06:32:36","guid":{"rendered":"https:\/\/alt.hirschen-buch.ch\/?page_id=8"},"modified":"2025-09-16T17:26:02","modified_gmt":"2025-09-16T15:26:02","slug":"kontakt","status":"publish","type":"page","link":"https:\/\/alt.hirschen-buch.ch\/?page_id=8","title":{"rendered":"Kontakt"},"content":{"rendered":"\n<h2 class=\"wp-block-heading\">Kontakt<\/h2>\n\n\n\n<p>Wirtschaft zum Hirschen<br>Benno und Yvonne Harder<br>Hauptstrasse 15<br>8524 Buch bei Frauenfeld<\/p>\n\n\n\n<p>Telefon:&nbsp;<strong><a href=\"tel:+41527461428\" target=\"_blank\" rel=\"noreferrer noopener\">052 746 14 28<\/a><\/strong><br>Mail:&nbsp;<a href=\"mailto:info@alt.hirschen-buch.ch\">info@alt.hirschen-buch.ch<\/a>&nbsp;<\/p>\n\n\n\n<h1 class=\"wp-block-heading\">\u00d6ffnungszeiten<\/h1>\n\n\n\n<p>Donnerstag 11:30 bis 23:00 Uhr<br>Freitag 11:30 bis 23:00 Uhr<br>Samstag 11:30 bis 23:00 Uhr<\/p>\n\n\n\n<p><strong>F\u00fcr Gesellschaften \u00f6ffnen wir auf&nbsp;<\/strong><strong>Anfrage auch an Ruhetagen oder in unseren Ferien.<\/strong><\/p>\n\n\n\n<h2 class=\"wp-block-heading\">Ferien<\/h2>\n\n\n\n<p>20. Oktober bis 26. Oktober 2025<br>24. Dezember bis 7. Januar 2026<\/p>\n\n\n\n<h2 class=\"wp-block-heading\">Lageplan<\/h2>\n\n\n\n<iframe src=\"https:\/\/www.google.com\/maps\/embed?pb=!1m14!1m8!1m3!1d172145.31711193165!2d8.8750779!3d47.6111505!3m2!1i1024!2i768!4f13.1!3m3!1m2!1s0x479a8fc0d5d63003%3A0x96ab583d35030b28!2sRestaurant%20Hirschen%20%7C%20Hirschenscheune%20-%20Festscheune%20-%20Partyscheune!5e0!3m2!1sde!2sch!4v1684331875192!5m2!1sde!2sch\" width=\"600\" height=\"450\" style=\"border:0;\" allowfullscreen=\"\" loading=\"lazy\" referrerpolicy=\"no-referrer-when-downgrade\"><\/iframe>\n\n\n\n<h2 class=\"wp-block-heading\">Parkpl\u00e4tze<\/h2>\n\n\n\n<p>Parkpl\u00e4tze sind rund um den Hirschen in grosser Anzahl vorhanden. W\u00e4hrend dem Eintreffen der G\u00e4ste machen wir bei gr\u00f6sseren Anl\u00e4ssen jeweils Parkplatz-Einweisung, so dass niemand lange einen Platz suchen muss. Parkierte Autos k\u00f6nnen auch problemlos \u00fcber Nacht bei uns stehen bleiben und erst am Folgetag abgeholt werden. Falls Sie mit Ihrer Gesellschaft schon tags\u00fcber mit einem Car\/Bus unterwegs sein m\u00f6chten, k\u00f6nnen Sie sich gerne bereits am Mittag bei uns treffen und die Fahrzeuge bis nach dem Abendfest bei uns stehen lassen.<\/p>\n","protected":false},"excerpt":{"rendered":"<p>Kontakt Wirtschaft zum HirschenBenno und Yvonne HarderHauptstrasse 158524 Buch bei Frauenfeld Telefon:&nbsp;052 746 14 28Mail:&nbsp;info@alt.hirschen-buch.ch&nbsp; \u00d6ffnungszeiten Donnerstag 11:30 bis 23:00 UhrFreitag 11:30 bis 23:00 UhrSamstag 11:30 bis 23:00 Uhr F\u00fcr Gesellschaften \u00f6ffnen wir auf&nbsp;Anfrage auch an Ruhetagen oder in unseren Ferien. Ferien 20. Oktober bis 26. Oktober 202524. Dezember bis 7. Januar 2026 Lageplan Parkpl\u00e4tze [&hellip;]<\/p>\n","protected":false},"author":4,"featured_media":0,"parent":0,"menu_order":0,"comment_status":"closed","ping_status":"closed","template":"","meta":{"inline_featured_image":false,"_genesis_hide_title":false,"_genesis_hide_breadcrumbs":false,"_genesis_hide_singular_image":false,"_genesis_custom_body_class":"","_genesis_custom_post_class":"","_genesis_layout":"","footnotes":""},"class_list":{"0":"post-8","1":"page","2":"type-page","3":"status-publish","5":"entry"},"featured_image_src":null,"featured_image_src_square":null,"_links":{"self":[{"href":"https:\/\/alt.hirschen-buch.ch\/index.php?rest_route=\/wp\/v2\/pages\/8","targetHints":{"allow":["GET"]}}],"collection":[{"href":"https:\/\/alt.hirschen-buch.ch\/index.php?rest_route=\/wp\/v2\/pages"}],"about":[{"href":"https:\/\/alt.hirschen-buch.ch\/index.php?rest_route=\/wp\/v2\/types\/page"}],"author":[{"embeddable":true,"href":"https:\/\/alt.hirschen-buch.ch\/index.php?rest_route=\/wp\/v2\/users\/4"}],"replies":[{"embeddable":true,"href":"https:\/\/alt.hirschen-buch.ch\/index.php?rest_route=%2Fwp%2Fv2%2Fcomments&post=8"}],"version-history":[{"count":0,"href":"https:\/\/alt.hirschen-buch.ch\/index.php?rest_route=\/wp\/v2\/pages\/8\/revisions"}],"wp:attachment":[{"href":"https:\/\/alt.hirschen-buch.ch\/index.php?rest_route=%2Fwp%2Fv2%2Fmedia&parent=8"}],"curies":[{"name":"wp","href":"https:\/\/api.w.org\/{rel}","templated":true}]}}