{"id":366,"date":"2023-05-17T15:55:57","date_gmt":"2023-05-17T13:55:57","guid":{"rendered":"https:\/\/alt.hirschen-buch.ch\/?page_id=366"},"modified":"2023-05-30T13:20:47","modified_gmt":"2023-05-30T11:20:47","slug":"restaurant-mit-stuebli","status":"publish","type":"page","link":"https:\/\/alt.hirschen-buch.ch\/?page_id=366","title":{"rendered":"Restaurant mit St\u00fcbli"},"content":{"rendered":"\n<p>Das Restaurant bietet Platz f\u00fcr 30 Personen. Im St\u00fcbli k\u00f6nnen wir zus\u00e4tzliche 25 Personen bewirten. In der Gartenwirtschaft vor dem Hirschen k\u00f6nnen wir bis 50 Personen bewirten.<\/p>\n\n\n\n<p>Verlangen Sie einfach telefonische Auskunft: <a href=\"tel:0527461428\">052 746 14 28<\/a><\/p>\n\n\n\n<div style=\"height:25px\" aria-hidden=\"true\" class=\"wp-block-spacer\"><\/div>\n\n\n<style type=\"text\/css\" scoped>.rbs_gallery_69e22ab9742d4Spinner{\n\t\t\t\tmargin: 50px auto;\n\t\t\t\twidth: 50px;\n\t\t\t\theight: 40px;\n\t\t\t\ttext-align: center;\n\t\t\t\tfont-size: 10px;\n\t\t\t}\n\t\t\t.rbs_gallery_69e22ab9742d4Spinner > div{\n\t\t\t  background-color: #333;\n\t\t\t  height: 100%;\n\t\t\t  width: 6px;\n\t\t\t  display: inline-block;\n\t\t\t  -webkit-animation: rbs_gallery_69e22ab9742d4-stretchdelay 1.2s infinite ease-in-out;\n\t\t\t  animation: rbs_gallery_69e22ab9742d4-stretchdelay 1.2s infinite ease-in-out;\n\t\t\t}\n\t\t\t.rbs_gallery_69e22ab9742d4Spinner .rbs_gallery_69e22ab9742d4Rect2 {\n\t\t\t  -webkit-animation-delay: -1.1s;\n\t\t\t  animation-delay: -1.1s;\n\t\t\t}\n\t\t\t.rbs_gallery_69e22ab9742d4Spinner .rbs_gallery_69e22ab9742d4Rect3 {\n\t\t\t  -webkit-animation-delay: -1.0s;\n\t\t\t  animation-delay: -1.0s;\n\t\t\t}\n\t\t\t.rbs_gallery_69e22ab9742d4Spinner .rbs_gallery_69e22ab9742d4Rect4 {\n\t\t\t  -webkit-animation-delay: -0.9s;\n\t\t\t  animation-delay: -0.9s;\n\t\t\t}\n\t\t\t.rbs_gallery_69e22ab9742d4Spinner .rbs_gallery_69e22ab9742d4Rect5 {\n\t\t\t  -webkit-animation-delay: -0.8s;\n\t\t\t  animation-delay: -0.8s;\n\t\t\t}\n\t\t\t@-webkit-keyframes rbs_gallery_69e22ab9742d4-stretchdelay {\n\t\t\t  0%, 40%, 100% { -webkit-transform: scaleY(0.4) }  \n\t\t\t  20% { -webkit-transform: scaleY(1.0) }\n\t\t\t}\n\t\t\t@keyframes rbs_gallery_69e22ab9742d4-stretchdelay {\n\t\t\t  0%, 40%, 100% { \n\t\t\t    transform: scaleY(0.4);\n\t\t\t    -webkit-transform: scaleY(0.4);\n\t\t\t  }  20% { \n\t\t\t    transform: scaleY(1.0);\n\t\t\t    -webkit-transform: scaleY(1.0);\n\t\t\t  }\n\t\t\t}\n\t\t<\/style><div class=\"robo-gallery-wrap robo-gallery-wrap-id451 robo-gallery-grid\" ><div id=\"rbs_gallery_69e22ab9742d4-block-loader\" class=\"rbs_gallery_69e22ab9742d4Spinner\"><div class=\"rbs_gallery_69e22ab9742d4Rect1\"><\/div> <div class=\"rbs_gallery_69e22ab9742d4Rect2\"><\/div> <div class=\"rbs_gallery_69e22ab9742d4Rect3\"><\/div> <div class=\"rbs_gallery_69e22ab9742d4Rect4\"><\/div> <div class=\"rbs_gallery_69e22ab9742d4Rect5\"><\/div><\/div><div id=\"robo_gallery_main_block_rbs_gallery_69e22ab9742d4\" class=\"robogallery-gallery-451\" style=\"width:100%;  display: none;\"><div id=\"rbs_gallery_69e22ab9742d4\" data-options=\"rbs_gallery_69e22ab9742d4\" style=\"width:100%;\" class=\"robo_gallery  \"><div class=\"rbs-img  category451 \" ><div class=\"rbs-img-image   rbs-lightbox \" ><div class=\"rbs-img-thumbs\"  data-thumbnail=\"https:\/\/alt.hirschen-buch.ch\/wp-content\/uploads\/2023\/03\/01-Bankett_s4.jpg\"  title=\"01-Bankett_s4\"  data-width=\"1200\"  data-height=\"900\" ><\/div><div class=\"rbs-img-data-popup\"  data-popup=\"https:\/\/alt.hirschen-buch.ch\/wp-content\/uploads\/2023\/03\/01-Bankett_s4.jpg\"  title=\"\" ><\/div><div class=\"thumbnail-overlay\"><div class=\"rbsIcons\"><i class=\"fa fa-search-plus rbsZoomIcon \" ><\/i><\/div><\/div><\/div><\/div><div class=\"rbs-img  category451 \" ><div class=\"rbs-img-image   rbs-lightbox \" ><div class=\"rbs-img-thumbs\"  data-thumbnail=\"https:\/\/alt.hirschen-buch.ch\/wp-content\/uploads\/2023\/03\/02-Bankette_s3.jpg\"  title=\"02-Bankette_s3\"  data-width=\"1200\"  data-height=\"900\" ><\/div><div class=\"rbs-img-data-popup\"  data-popup=\"https:\/\/alt.hirschen-buch.ch\/wp-content\/uploads\/2023\/03\/02-Bankette_s3.jpg\"  title=\"\" ><\/div><div class=\"thumbnail-overlay\"><div class=\"rbsIcons\"><i class=\"fa fa-search-plus rbsZoomIcon \" ><\/i><\/div><\/div><\/div><\/div><div class=\"rbs-img  category451 \" ><div class=\"rbs-img-image   rbs-lightbox \" ><div class=\"rbs-img-thumbs\"  data-thumbnail=\"https:\/\/alt.hirschen-buch.ch\/wp-content\/uploads\/2023\/03\/03-Gartenwirtschaft_s4.jpg\"  title=\"03-Gartenwirtschaft_s4\"  data-width=\"1200\"  data-height=\"900\" ><\/div><div class=\"rbs-img-data-popup\"  data-popup=\"https:\/\/alt.hirschen-buch.ch\/wp-content\/uploads\/2023\/03\/03-Gartenwirtschaft_s4.jpg\"  title=\"\" ><\/div><div class=\"thumbnail-overlay\"><div class=\"rbsIcons\"><i class=\"fa fa-search-plus rbsZoomIcon \" ><\/i><\/div><\/div><\/div><\/div><div class=\"rbs-img  category451 \" ><div class=\"rbs-img-image   rbs-lightbox \" ><div class=\"rbs-img-thumbs\"  data-thumbnail=\"https:\/\/alt.hirschen-buch.ch\/wp-content\/uploads\/2023\/03\/04-blick_ins_saeli.jpg\"  title=\"04-blick_ins_saeli\"  data-width=\"1200\"  data-height=\"800\" ><\/div><div class=\"rbs-img-data-popup\"  data-popup=\"https:\/\/alt.hirschen-buch.ch\/wp-content\/uploads\/2023\/03\/04-blick_ins_saeli.jpg\"  title=\"\" ><\/div><div class=\"thumbnail-overlay\"><div class=\"rbsIcons\"><i class=\"fa fa-search-plus rbsZoomIcon \" ><\/i><\/div><\/div><\/div><\/div><div class=\"rbs-img  category451 \" ><div class=\"rbs-img-image   rbs-lightbox \" ><div class=\"rbs-img-thumbs\"  data-thumbnail=\"https:\/\/alt.hirschen-buch.ch\/wp-content\/uploads\/2023\/03\/05-Hausgang_s3.jpg\"  title=\"05-Hausgang_s3\"  data-width=\"1200\"  data-height=\"900\" ><\/div><div class=\"rbs-img-data-popup\"  data-popup=\"https:\/\/alt.hirschen-buch.ch\/wp-content\/uploads\/2023\/03\/05-Hausgang_s3.jpg\"  title=\"\" ><\/div><div class=\"thumbnail-overlay\"><div class=\"rbsIcons\"><i class=\"fa fa-search-plus rbsZoomIcon \" ><\/i><\/div><\/div><\/div><\/div><div class=\"rbs-img  category451 \" ><div class=\"rbs-img-image   rbs-lightbox \" ><div class=\"rbs-img-thumbs\"  data-thumbnail=\"https:\/\/alt.hirschen-buch.ch\/wp-content\/uploads\/2023\/03\/06-Hirschen_Foto_s3.jpg\"  title=\"06-Hirschen_Foto_s3\"  data-width=\"1200\"  data-height=\"900\" ><\/div><div class=\"rbs-img-data-popup\"  data-popup=\"https:\/\/alt.hirschen-buch.ch\/wp-content\/uploads\/2023\/03\/06-Hirschen_Foto_s3.jpg\"  title=\"\" ><\/div><div class=\"thumbnail-overlay\"><div class=\"rbsIcons\"><i class=\"fa fa-search-plus rbsZoomIcon \" ><\/i><\/div><\/div><\/div><\/div><div class=\"rbs-img  category451 \" ><div class=\"rbs-img-image   rbs-lightbox \" ><div class=\"rbs-img-thumbs\"  data-thumbnail=\"https:\/\/alt.hirschen-buch.ch\/wp-content\/uploads\/2023\/03\/07-Hirschen-Weiher_s4.jpg\"  title=\"07-Hirschen-Weiher_s4\"  data-width=\"1200\"  data-height=\"900\" ><\/div><div class=\"rbs-img-data-popup\"  data-popup=\"https:\/\/alt.hirschen-buch.ch\/wp-content\/uploads\/2023\/03\/07-Hirschen-Weiher_s4.jpg\"  title=\"\" ><\/div><div class=\"thumbnail-overlay\"><div class=\"rbsIcons\"><i class=\"fa fa-search-plus rbsZoomIcon \" ><\/i><\/div><\/div><\/div><\/div><div class=\"rbs-img  category451 \" ><div class=\"rbs-img-image   rbs-lightbox \" ><div class=\"rbs-img-thumbs\"  data-thumbnail=\"https:\/\/alt.hirschen-buch.ch\/wp-content\/uploads\/2023\/03\/08-Hirschentafel_s4.jpg\"  title=\"08-Hirschentafel_s4\"  data-width=\"1200\"  data-height=\"900\" ><\/div><div class=\"rbs-img-data-popup\"  data-popup=\"https:\/\/alt.hirschen-buch.ch\/wp-content\/uploads\/2023\/03\/08-Hirschentafel_s4.jpg\"  title=\"\" ><\/div><div class=\"thumbnail-overlay\"><div class=\"rbsIcons\"><i class=\"fa fa-search-plus rbsZoomIcon \" ><\/i><\/div><\/div><\/div><\/div><div class=\"rbs-img  category451 \" ><div class=\"rbs-img-image   rbs-lightbox \" ><div class=\"rbs-img-thumbs\"  data-thumbnail=\"https:\/\/alt.hirschen-buch.ch\/wp-content\/uploads\/2023\/03\/09-Hochzeitsapero_s4.jpg\"  title=\"09-Hochzeitsapero_s4\"  data-width=\"1200\"  data-height=\"900\" ><\/div><div class=\"rbs-img-data-popup\"  data-popup=\"https:\/\/alt.hirschen-buch.ch\/wp-content\/uploads\/2023\/03\/09-Hochzeitsapero_s4.jpg\"  title=\"\" ><\/div><div class=\"thumbnail-overlay\"><div class=\"rbsIcons\"><i class=\"fa fa-search-plus rbsZoomIcon \" ><\/i><\/div><\/div><\/div><\/div><div class=\"rbs-img  category451 \" ><div class=\"rbs-img-image   rbs-lightbox \" ><div class=\"rbs-img-thumbs\"  data-thumbnail=\"https:\/\/alt.hirschen-buch.ch\/wp-content\/uploads\/2023\/03\/10-Saeli_s4.jpg\"  title=\"10-Saeli_s4\"  data-width=\"1200\"  data-height=\"900\" ><\/div><div class=\"rbs-img-data-popup\"  data-popup=\"https:\/\/alt.hirschen-buch.ch\/wp-content\/uploads\/2023\/03\/10-Saeli_s4.jpg\"  title=\"\" ><\/div><div class=\"thumbnail-overlay\"><div class=\"rbsIcons\"><i class=\"fa fa-search-plus rbsZoomIcon \" ><\/i><\/div><\/div><\/div><\/div><div class=\"rbs-img  category451 \" ><div class=\"rbs-img-image   rbs-lightbox \" ><div class=\"rbs-img-thumbs\"  data-thumbnail=\"https:\/\/alt.hirschen-buch.ch\/wp-content\/uploads\/2023\/03\/11-Wirtschaft.jpg\"  title=\"11-Wirtschaft\"  data-width=\"1200\"  data-height=\"800\" ><\/div><div class=\"rbs-img-data-popup\"  data-popup=\"https:\/\/alt.hirschen-buch.ch\/wp-content\/uploads\/2023\/03\/11-Wirtschaft.jpg\"  title=\"\" ><\/div><div class=\"thumbnail-overlay\"><div class=\"rbsIcons\"><i class=\"fa fa-search-plus rbsZoomIcon \" ><\/i><\/div><\/div><\/div><\/div><div class=\"rbs-img  category451 \" ><div class=\"rbs-img-image   rbs-lightbox \" ><div class=\"rbs-img-thumbs\"  data-thumbnail=\"https:\/\/alt.hirschen-buch.ch\/wp-content\/uploads\/2023\/03\/12-Wirtschaft_vom_Saelidurchgang_s3.jpg\"  title=\"12-Wirtschaft_vom_Saelidurchgang_s3\"  data-width=\"1200\"  data-height=\"798\" ><\/div><div class=\"rbs-img-data-popup\"  data-popup=\"https:\/\/alt.hirschen-buch.ch\/wp-content\/uploads\/2023\/03\/12-Wirtschaft_vom_Saelidurchgang_s3.jpg\"  title=\"\" ><\/div><div class=\"thumbnail-overlay\"><div class=\"rbsIcons\"><i class=\"fa fa-search-plus rbsZoomIcon \" ><\/i><\/div><\/div><\/div><\/div><div class=\"rbs-img  category451 \" ><div class=\"rbs-img-image   rbs-lightbox \" ><div class=\"rbs-img-thumbs\"  data-thumbnail=\"https:\/\/alt.hirschen-buch.ch\/wp-content\/uploads\/2023\/03\/13-Bankett_im_Hirschen_Saeli_s1.jpg\"  title=\"13-Bankett_im_Hirschen_Saeli_s1\"  data-width=\"1200\"  data-height=\"900\" ><\/div><div class=\"rbs-img-data-popup\"  data-popup=\"https:\/\/alt.hirschen-buch.ch\/wp-content\/uploads\/2023\/03\/13-Bankett_im_Hirschen_Saeli_s1.jpg\"  title=\"\" ><\/div><div class=\"thumbnail-overlay\"><div class=\"rbsIcons\"><i class=\"fa fa-search-plus rbsZoomIcon \" ><\/i><\/div><\/div><\/div><\/div><div class=\"rbs-img  category451 \" ><div class=\"rbs-img-image   rbs-lightbox \" ><div class=\"rbs-img-thumbs\"  data-thumbnail=\"https:\/\/alt.hirschen-buch.ch\/wp-content\/uploads\/2023\/03\/14-Hochzeitskutsche_-im_Hirschen.jpg\"  title=\"14-Hochzeitskutsche_-im_Hirschen\"  data-width=\"1932\"  data-height=\"1430\" ><\/div><div class=\"rbs-img-data-popup\"  data-popup=\"https:\/\/alt.hirschen-buch.ch\/wp-content\/uploads\/2023\/03\/14-Hochzeitskutsche_-im_Hirschen.jpg\"  title=\"\" ><\/div><div class=\"thumbnail-overlay\"><div class=\"rbsIcons\"><i class=\"fa fa-search-plus rbsZoomIcon \" ><\/i><\/div><\/div><\/div><\/div><div class=\"rbs-img  category451 \" ><div class=\"rbs-img-image   rbs-lightbox \" ><div class=\"rbs-img-thumbs\"  data-thumbnail=\"https:\/\/alt.hirschen-buch.ch\/wp-content\/uploads\/2023\/03\/15-MG_Club_im_Hirschen_s1.jpg\"  title=\"15-MG_Club_im_Hirschen_s1\"  data-width=\"1200\"  data-height=\"900\" ><\/div><div class=\"rbs-img-data-popup\"  data-popup=\"https:\/\/alt.hirschen-buch.ch\/wp-content\/uploads\/2023\/03\/15-MG_Club_im_Hirschen_s1.jpg\"  title=\"\" ><\/div><div class=\"thumbnail-overlay\"><div class=\"rbsIcons\"><i class=\"fa fa-search-plus rbsZoomIcon \" ><\/i><\/div><\/div><\/div><\/div><div class=\"rbs-img  category451 \" ><div class=\"rbs-img-image   rbs-lightbox \" ><div class=\"rbs-img-thumbs\"  data-thumbnail=\"https:\/\/alt.hirschen-buch.ch\/wp-content\/uploads\/2023\/03\/16-Porsche_Treffen_im_Hirschen_s1.jpg\"  title=\"16-Porsche_Treffen_im_Hirschen_s1\"  data-width=\"1200\"  data-height=\"900\" ><\/div><div class=\"rbs-img-data-popup\"  data-popup=\"https:\/\/alt.hirschen-buch.ch\/wp-content\/uploads\/2023\/03\/16-Porsche_Treffen_im_Hirschen_s1.jpg\"  title=\"\" ><\/div><div class=\"thumbnail-overlay\"><div class=\"rbsIcons\"><i class=\"fa fa-search-plus rbsZoomIcon \" ><\/i><\/div><\/div><\/div><\/div><div class=\"rbs-img  category451 \" ><div class=\"rbs-img-image   rbs-lightbox \" ><div class=\"rbs-img-thumbs\"  data-thumbnail=\"https:\/\/alt.hirschen-buch.ch\/wp-content\/uploads\/2023\/03\/17-Hochzeitsapero1.jpg\"  title=\"17-Hochzeitsapero1\"  data-width=\"1200\"  data-height=\"799\" ><\/div><div class=\"rbs-img-data-popup\"  data-popup=\"https:\/\/alt.hirschen-buch.ch\/wp-content\/uploads\/2023\/03\/17-Hochzeitsapero1.jpg\"  title=\"\" ><\/div><div class=\"thumbnail-overlay\"><div class=\"rbsIcons\"><i class=\"fa fa-search-plus rbsZoomIcon \" ><\/i><\/div><\/div><\/div><\/div><div class=\"rbs-img  category451 \" ><div class=\"rbs-img-image   rbs-lightbox \" ><div class=\"rbs-img-thumbs\"  data-thumbnail=\"https:\/\/alt.hirschen-buch.ch\/wp-content\/uploads\/2023\/03\/18-Hochzeitsapero2.jpg\"  title=\"18-Hochzeitsapero2\"  data-width=\"1200\"  data-height=\"799\" ><\/div><div class=\"rbs-img-data-popup\"  data-popup=\"https:\/\/alt.hirschen-buch.ch\/wp-content\/uploads\/2023\/03\/18-Hochzeitsapero2.jpg\"  title=\"\" ><\/div><div class=\"thumbnail-overlay\"><div class=\"rbsIcons\"><i class=\"fa fa-search-plus rbsZoomIcon \" ><\/i><\/div><\/div><\/div><\/div><div class=\"rbs-img  category451 \" ><div class=\"rbs-img-image   rbs-lightbox \" ><div class=\"rbs-img-thumbs\"  data-thumbnail=\"https:\/\/alt.hirschen-buch.ch\/wp-content\/uploads\/2023\/09\/IMG_6958-scaled.jpg\"  title=\"IMG_6958\"  data-width=\"1920\"  data-height=\"2560\" ><\/div><div class=\"rbs-img-data-popup\"  data-popup=\"https:\/\/alt.hirschen-buch.ch\/wp-content\/uploads\/2023\/09\/IMG_6958-scaled.jpg\"  title=\"\" ><\/div><div class=\"thumbnail-overlay\"><div class=\"rbsIcons\"><i class=\"fa fa-search-plus rbsZoomIcon \" ><\/i><\/div><\/div><\/div><\/div><div class=\"rbs-img  category451 \" ><div class=\"rbs-img-image   rbs-lightbox \" ><div class=\"rbs-img-thumbs\"  data-thumbnail=\"https:\/\/alt.hirschen-buch.ch\/wp-content\/uploads\/2023\/09\/Traktorentreffen.jpg\"  title=\"Traktorentreffen\"  data-width=\"1024\"  data-height=\"768\" ><\/div><div class=\"rbs-img-data-popup\"  data-popup=\"https:\/\/alt.hirschen-buch.ch\/wp-content\/uploads\/2023\/09\/Traktorentreffen.jpg\"  title=\"\" ><\/div><div class=\"thumbnail-overlay\"><div class=\"rbsIcons\"><i class=\"fa fa-search-plus rbsZoomIcon \" ><\/i><\/div><\/div><\/div><\/div><\/div><\/div><\/div><script>var rbs_gallery_69e22ab9742d4 = {\"version\":\"3.2.15\",\"id\":451,\"class\":\"id451\",\"roboGalleryDelay\":1000,\"mainContainer\":\"#robo_gallery_main_block_rbs_gallery_69e22ab9742d4\",\"loadingContainer\":\"#rbs_gallery_69e22ab9742d4-block-loader\",\"loadingContainerObj\":\"rbs_gallery_69e22ab9742d4-block-loader\",\"columnWidth\":\"auto\",\"columns\":3,\"resolutions\":[{\"columnWidth\":\"auto\",\"columns\":3,\"maxWidth\":960},{\"columnWidth\":\"auto\",\"columns\":2,\"maxWidth\":650},{\"columnWidth\":\"auto\",\"columns\":1,\"maxWidth\":450}],\"lightboxOptions\":{\"gallery\":{\"enabled\":true,\"tCounter\":\"%curr% of %total%\"}},\"overlayEffect\":\"direction-aware-fade\",\"boxesToLoadStart\":12,\"boxesToLoad\":8,\"waitUntilThumbLoads\":1,\"LoadingWord\":\"Loading...\",\"loadMoreWord\":\"Load More\",\"noMoreEntriesWord\":\"No More Entries\",\"horizontalSpaceBetweenBoxes\":15,\"verticalSpaceBetweenBoxes\":15,\"lazyLoad\":1,\"wrapContainer\":\"#robo-gallery-wrap-rbs_gallery_69e22ab9742d4\"};<\/script>\n","protected":false},"excerpt":{"rendered":"<p>Das Restaurant bietet Platz f\u00fcr 30 Personen. Im St\u00fcbli k\u00f6nnen wir zus\u00e4tzliche 25 Personen bewirten. In der Gartenwirtschaft vor dem Hirschen k\u00f6nnen wir bis 50 Personen bewirten. Verlangen Sie einfach telefonische Auskunft: 052 746 14 28<\/p>\n","protected":false},"author":4,"featured_media":0,"parent":0,"menu_order":0,"comment_status":"closed","ping_status":"closed","template":"","meta":{"inline_featured_image":false,"_genesis_hide_title":false,"_genesis_hide_breadcrumbs":false,"_genesis_hide_singular_image":false,"_genesis_custom_body_class":"","_genesis_custom_post_class":"","_genesis_layout":"full-width-content","footnotes":""},"class_list":{"0":"post-366","1":"page","2":"type-page","3":"status-publish","5":"entry"},"featured_image_src":null,"featured_image_src_square":null,"_links":{"self":[{"href":"https:\/\/alt.hirschen-buch.ch\/index.php?rest_route=\/wp\/v2\/pages\/366","targetHints":{"allow":["GET"]}}],"collection":[{"href":"https:\/\/alt.hirschen-buch.ch\/index.php?rest_route=\/wp\/v2\/pages"}],"about":[{"href":"https:\/\/alt.hirschen-buch.ch\/index.php?rest_route=\/wp\/v2\/types\/page"}],"author":[{"embeddable":true,"href":"https:\/\/alt.hirschen-buch.ch\/index.php?rest_route=\/wp\/v2\/users\/4"}],"replies":[{"embeddable":true,"href":"https:\/\/alt.hirschen-buch.ch\/index.php?rest_route=%2Fwp%2Fv2%2Fcomments&post=366"}],"version-history":[{"count":0,"href":"https:\/\/alt.hirschen-buch.ch\/index.php?rest_route=\/wp\/v2\/pages\/366\/revisions"}],"wp:attachment":[{"href":"https:\/\/alt.hirschen-buch.ch\/index.php?rest_route=%2Fwp%2Fv2%2Fmedia&parent=366"}],"curies":[{"name":"wp","href":"https:\/\/api.w.org\/{rel}","templated":true}]}}