{"id":359,"date":"2023-05-17T15:50:06","date_gmt":"2023-05-17T13:50:06","guid":{"rendered":"https:\/\/alt.hirschen-buch.ch\/?page_id=359"},"modified":"2024-11-26T19:44:29","modified_gmt":"2024-11-26T18:44:29","slug":"whisky-karte","status":"publish","type":"page","link":"https:\/\/alt.hirschen-buch.ch\/?page_id=359","title":{"rendered":"Whisky-Karte"},"content":{"rendered":"\n<p><strong>Hier unsere Whisky Karte:<\/strong><\/p>\n\n\n<div class=\"wp-block-image\">\n<figure class=\"aligncenter size-full\"><img loading=\"lazy\" decoding=\"async\" width=\"600\" height=\"450\" src=\"https:\/\/alt.hirschen-buch.ch\/wp-content\/uploads\/2023\/03\/csm_Whisky_51fecf65e8.jpg\" alt=\"\" class=\"wp-image-250\" srcset=\"https:\/\/alt.hirschen-buch.ch\/wp-content\/uploads\/2023\/03\/csm_Whisky_51fecf65e8.jpg 600w, https:\/\/alt.hirschen-buch.ch\/wp-content\/uploads\/2023\/03\/csm_Whisky_51fecf65e8-300x225.jpg 300w\" sizes=\"auto, (max-width: 600px) 100vw, 600px\" \/><\/figure>\n<\/div>\n\n\n<figure class=\"wp-block-table\"><table><tbody><tr><td><strong>Single Malt<\/strong><\/td><td><strong>Jahre<\/strong><\/td><td><strong>Region<\/strong><\/td><td><strong>Vol.%<\/strong><\/td><td><strong>Beschreibung<\/strong><\/td><td><strong>Preis 4cl<\/strong><\/td><\/tr><tr><td>ABERLOUR<\/td><td>10<\/td><td>Speyside<\/td><td>40<\/td><td>Nach dem St\u00e4dtchen Aberlour benannter reichhaltiger und runder Whisky. In der Farbe kupfergolden, mit Karamellmalznote, fruchtig. Volumen und Power mit Duft nach N\u00fcssen und Eiche<\/td><td>12.00<\/td><\/tr><tr><td>ARDEBEG<\/td><td>10<\/td><td>Islay<\/td><td>46<\/td><td>Ein grosser und stark getorfter Whisky. Strohgelb, komplex und reichhaltig, s\u00fcss, rauchig, Linde und Torf, Kokos, Salzhering, offenes Feuer, Rosinen, Holznoten, russig mit Teernoten. Genialer Whisky!<\/td><td>13.00<\/td><\/tr><tr><td>AUCHENTOSHAN<br>TREE WOOD<\/td><td><\/td><td>Lowlands Glasgow<\/td><td>43<\/td><td>Wunderbar weicher leichter Whisky dank der Dreifach-Destillation. Ein Auchentoshan ist s\u00fcss, malzig und zitrusfruchtig und geht mit zunehmendem Alter ins &#8222;Nussige&#8220;. Einfach herrlich\u2026<\/td><td>14.00<\/td><\/tr><tr><td>BOWMORE<\/td><td>12<\/td><td>Islay<\/td><td>40<\/td><td>Das St\u00e4dtchen Bowmore hat eine runde Kirche, damit der Teufel keine Ecke zum Versteck findet. Der Bowmore Whisky ist mittelstark getorft mit zarten Noten von Orange, Schokolade, Lavendel und nach Heide duftendem Rauch<\/td><td>13.00<\/td><\/tr><tr><td>CAOL ILA<\/td><td>12<\/td><td>Islay<\/td><td>43<\/td><td>Es wird dieselbe gem\u00e4lzte Gerste wie beim Lagavulin verwendet doch der Caol Ila ist weniger rauchig. Wunderbare ausgewogene Melange aus Ozonfrische, R\u00e4ucherschinken, Seetang, Birne, etwas S\u00fcsse<\/td><td>13.00<\/td><\/tr><tr><td>CRAGGANMORE<\/td><td>12<\/td><td>Speyside<\/td><td>40<\/td><td>Einer der Classic Malts mit einer komplexen Mischung aus dunklen Fr\u00fcchten, Leder, Obstkuchen, Toffee und duftenden Noten. Kr\u00e4ftiges Goldgelb, weich mit einem Anflug von Rauch<\/td><td>12.00<\/td><\/tr><tr><td>DALWHINNIE<\/td><td>15<\/td><td>Speyside<\/td><td>43<\/td><td>Dalwhinnie gilt als der k\u00e4lteste Ort in Grossbritannien. Das eiskalte Wasser bestimmt den Charakter des Whiskys massgeblich mit. Goldgelb, rauchiges Kribbeln, weich, s\u00fcss, honigt\u00f6nig mit Mandarine und Sahne<\/td><td>12.00<\/td><\/tr><tr><td>GLENFIDDICH<\/td><td>12<\/td><td>Speyside<\/td><td>40<\/td><td>Eine ber\u00fchmte Brennerei, der in den 1960er Jahren viel Vorarbeit f\u00fcr den heutigen Single Malt-Kult leistete. Benannt nach dem Fluss Fiddich und in &#8222;dreieckiger&#8220; Flasche abgef\u00fcllt. Meistbesuchte Distillery Schottlands<\/td><td>12.00<\/td><\/tr><tr><td>GLENKINCHIE<\/td><td>12<\/td><td>Lowlands<\/td><td>46<\/td><td>Glenkinchie besitzt die gr\u00f6ssten Brennapparate \u00fcberhaupt, von denen jeder 320 Hektoliter fasst! Man verwendet neben Gerste auch Weizen und Hafer (Lowland-Ackerfl\u00e4chen). Hellgoldgelb, s\u00fcss, weich, blumig, zart<\/td><td>12.00<\/td><\/tr><tr><td>GLENLIVET<\/td><td>12<\/td><td>Speyside<\/td><td>40<\/td><td>Einer der gr\u00f6ssten Whisky-Brenner in Schottland. Blassgoldgelb, in der Nase Apfelholz, Heide, Getreide, Beeren, Blumen, Zitrus und Birne, frisch ges\u00e4gtes Holz. Der Nachklang gilt als trocken, rein und kurz<\/td><td>12.00<\/td><\/tr><tr><td>GLENMORANGIE<\/td><td>10<\/td><td>Highlands<\/td><td>40<\/td><td>Sein Erfolg verdankt dieser edle Tropfen seiner S\u00fcffigkeit, die durch die Gr\u00f6sse und Form der Brennblasen und der Art der Holzf\u00e4sser bedingt sind. Lagerung im im Portwein-Madeira- und Sherryfass<\/td><td>12.00<\/td><\/tr><tr><td>HIGHLAND PARK<\/td><td>12<\/td><td>Orkney-<br>Inseln<\/td><td>40<\/td><td>Highland Park ist eine der herausragendsten Brennereien \u00fcberhaupt. Die n\u00f6rdlichste Malt-Brennerei Schottlands liegt auf einer der Orkney-Inseln\u2026 ein Traum! Walnuss, Heidenoten, w\u00fcrziger Honig, Orangenschale, Torf<\/td><td>13.00<\/td><\/tr><tr><td>JURA<\/td><td>10<\/td><td>Isle of Jura<\/td><td>40<\/td><td>Insel Jura, das singul\u00e4re Eiland: Eine Strasse, ein Dorf, ein Whisky und alles muss \u00fcber Islay herbei geschafft werden. Duftet nach S\u00fcssbirne, Apfel, Ahorn-Sirup, Honig und Kaffeebohnen<\/td><td>13.00<\/td><\/tr><tr><td>LAGAVULIN<\/td><td>16<\/td><td>Islay<\/td><td>43<\/td><td>Traumhafte Distillery. An klaren Tagen kann man die irische K\u00fcste erblicken. In der Bucht schaukeln Fischerboote. Bernsteingelb, \u00e4usserst komplex: Pflaumen und Sahnepudding, Zigarrenrauch, Algen, duftender Rauch<\/td><td>13.00<\/td><\/tr><tr><td>LAPHROAIG<\/td><td>10<\/td><td>Islay<\/td><td>40<\/td><td>Eigenst\u00e4ndiger Malt und hat trotz viel Torf mehr zu bieten als nur Rauch. Die Unterschiede der Islay-Whiskys liegen zum grossen Teil auch in der Verschiedenheit der eingesetzten Pot Stills. Blassgoldgelb, intensiv, Meer, Teer<\/td><td>13.00<\/td><\/tr><tr><td>MACALLAN<br>AMBER<\/td><td><\/td><td>Speyside<\/td><td>40<\/td><td>Verwendet wird Golden Promise-Gerste, zwei Sorten Hefe, 21 kleine Pot Stills, F\u00e4sser aus europ\u00e4ischer Eiche mit Cherry-Vorgeschmack, grossartiges &#8222;Gew\u00e4chs&#8220; mit viel Eigenst\u00e4ndigkeit.<\/td><td>13.00<\/td><\/tr><tr><td>OBAN<\/td><td>14<\/td><td>Western<br>Highlands<\/td><td>43<\/td><td>Die kleine Stadt Oban liegt mit seiner traumhafter Landschaft im S\u00fcdwesten von Schottland und ist allemal einen Besuch wert. Das Gew\u00e4chs kommt leuchtend goldgelb daher, w\u00fcrzig, Torf, Ingwer<\/td><td>12.00<\/td><\/tr><tr><td>SCAPA<\/td><td>10<\/td><td>Orkney-<br>Inseln<\/td><td>40<\/td><td>Obwohl nur eine Meile Luftlinie von Highland Park entfernt, k\u00f6nnte dieser Brand nicht unterschiedlicher sein. Ungetorfter saftig-fruchtiger Stil, schmeckt nach Bananen, gr\u00fcnen Erbsen, Quitten, Zwetschen, leicht \u00f6lig und s\u00fcss<\/td><td>13.00<\/td><\/tr><tr><td>SPRINGBANK<\/td><td>10<\/td><td>Halbinsel<br>Kintyre<\/td><td>46<\/td><td>Absoluter Kult-Malt von der ehemaligen Whiskyhauptstadt Schottlands &#8211; Campbeltown. Goldgelb, komplex, salzig und getorft, ideal f\u00fcr Leute, die keine Angst vor Charakter haben.<\/td><td>14.00<\/td><\/tr><tr><td>TALISKER SKYE<\/td><td>10<\/td><td>Ile of Skye<\/td><td>46<\/td><td>Die romantische Insel Skye ist reich an M\u00e4rchen und Helden-Geschichten. Doch der wahre Klassiker der Insel ist der Talisker. Ein warmer und zugleich rauer Single Malt. Erloschene Vulkane, beeindruckende Kulisse<\/td><td>12.00<\/td><\/tr><\/tbody><\/table><\/figure>\n\n\n\n<figure class=\"wp-block-image size-full\"><img loading=\"lazy\" decoding=\"async\" width=\"600\" height=\"803\" src=\"https:\/\/alt.hirschen-buch.ch\/wp-content\/uploads\/2023\/03\/csm_brennerien-schottland_98d9f3e2f0.jpg\" alt=\"\" class=\"wp-image-251\" srcset=\"https:\/\/alt.hirschen-buch.ch\/wp-content\/uploads\/2023\/03\/csm_brennerien-schottland_98d9f3e2f0.jpg 600w, https:\/\/alt.hirschen-buch.ch\/wp-content\/uploads\/2023\/03\/csm_brennerien-schottland_98d9f3e2f0-224x300.jpg 224w\" sizes=\"auto, (max-width: 600px) 100vw, 600px\" \/><\/figure>\n","protected":false},"excerpt":{"rendered":"<p>Hier unsere Whisky Karte: Single Malt Jahre Region Vol.% Beschreibung Preis 4cl ABERLOUR 10 Speyside 40 Nach dem St\u00e4dtchen Aberlour benannter reichhaltiger und runder Whisky. In der Farbe kupfergolden, mit Karamellmalznote, fruchtig. Volumen und Power mit Duft nach N\u00fcssen und Eiche 12.00 ARDEBEG 10 Islay 46 Ein grosser und stark getorfter Whisky. Strohgelb, komplex und [&hellip;]<\/p>\n","protected":false},"author":4,"featured_media":0,"parent":0,"menu_order":0,"comment_status":"closed","ping_status":"closed","template":"","meta":{"inline_featured_image":false,"_genesis_hide_title":false,"_genesis_hide_breadcrumbs":false,"_genesis_hide_singular_image":false,"_genesis_custom_body_class":"","_genesis_custom_post_class":"","_genesis_layout":"","footnotes":""},"class_list":{"0":"post-359","1":"page","2":"type-page","3":"status-publish","5":"entry"},"featured_image_src":null,"featured_image_src_square":null,"_links":{"self":[{"href":"https:\/\/alt.hirschen-buch.ch\/index.php?rest_route=\/wp\/v2\/pages\/359","targetHints":{"allow":["GET"]}}],"collection":[{"href":"https:\/\/alt.hirschen-buch.ch\/index.php?rest_route=\/wp\/v2\/pages"}],"about":[{"href":"https:\/\/alt.hirschen-buch.ch\/index.php?rest_route=\/wp\/v2\/types\/page"}],"author":[{"embeddable":true,"href":"https:\/\/alt.hirschen-buch.ch\/index.php?rest_route=\/wp\/v2\/users\/4"}],"replies":[{"embeddable":true,"href":"https:\/\/alt.hirschen-buch.ch\/index.php?rest_route=%2Fwp%2Fv2%2Fcomments&post=359"}],"version-history":[{"count":0,"href":"https:\/\/alt.hirschen-buch.ch\/index.php?rest_route=\/wp\/v2\/pages\/359\/revisions"}],"wp:attachment":[{"href":"https:\/\/alt.hirschen-buch.ch\/index.php?rest_route=%2Fwp%2Fv2%2Fmedia&parent=359"}],"curies":[{"name":"wp","href":"https:\/\/api.w.org\/{rel}","templated":true}]}}