{"id":354,"date":"2023-05-17T15:41:00","date_gmt":"2023-05-17T13:41:00","guid":{"rendered":"https:\/\/alt.hirschen-buch.ch\/?page_id=354"},"modified":"2023-05-30T09:40:38","modified_gmt":"2023-05-30T07:40:38","slug":"aperoplatz-am-hirschenweiher","status":"publish","type":"page","link":"https:\/\/alt.hirschen-buch.ch\/?page_id=354","title":{"rendered":"Ap\u00e9roplatz am Hirschenweiher"},"content":{"rendered":"\n<p>Was gibt es Sch\u00f6neres als ein Ap\u00e9ro oder eine freie Trauung unter schattenspendenden Platanen an einem lauschigen Weiher? Gerne w\u00fcrden wir Sie in unserem sch\u00f6nen Weihergel\u00e4nde bewirten, welches unmittelbar angrenzend auf der Westseite der Hirschenscheune liegt. Der idyllische Pavillon und das romantische Weiherbr\u00fcggli bieten ideale Fotom\u00f6glichkeiten f\u00fcr unvergessliche Momente. <a href=\"#galerie\">Sehen Sie sich die folgenden Bilder an\u2026<\/a><\/p>\n\n\n\n<p>Verlangen Sie einfach telefonische Auskunft: <a href=\"tel:0527461428\">052 746 14 28<\/a><\/p>\n\n\n\n<div style=\"height:25px\" aria-hidden=\"true\" id=\"galerie\" class=\"wp-block-spacer\"><\/div>\n\n\n<style type=\"text\/css\" scoped>.rbs_gallery_69e22e4d7f663Spinner{\n\t\t\t\tmargin: 50px auto;\n\t\t\t\twidth: 50px;\n\t\t\t\theight: 40px;\n\t\t\t\ttext-align: center;\n\t\t\t\tfont-size: 10px;\n\t\t\t}\n\t\t\t.rbs_gallery_69e22e4d7f663Spinner > div{\n\t\t\t  background-color: #333;\n\t\t\t  height: 100%;\n\t\t\t  width: 6px;\n\t\t\t  display: inline-block;\n\t\t\t  -webkit-animation: rbs_gallery_69e22e4d7f663-stretchdelay 1.2s infinite ease-in-out;\n\t\t\t  animation: rbs_gallery_69e22e4d7f663-stretchdelay 1.2s infinite ease-in-out;\n\t\t\t}\n\t\t\t.rbs_gallery_69e22e4d7f663Spinner .rbs_gallery_69e22e4d7f663Rect2 {\n\t\t\t  -webkit-animation-delay: -1.1s;\n\t\t\t  animation-delay: -1.1s;\n\t\t\t}\n\t\t\t.rbs_gallery_69e22e4d7f663Spinner .rbs_gallery_69e22e4d7f663Rect3 {\n\t\t\t  -webkit-animation-delay: -1.0s;\n\t\t\t  animation-delay: -1.0s;\n\t\t\t}\n\t\t\t.rbs_gallery_69e22e4d7f663Spinner .rbs_gallery_69e22e4d7f663Rect4 {\n\t\t\t  -webkit-animation-delay: -0.9s;\n\t\t\t  animation-delay: -0.9s;\n\t\t\t}\n\t\t\t.rbs_gallery_69e22e4d7f663Spinner .rbs_gallery_69e22e4d7f663Rect5 {\n\t\t\t  -webkit-animation-delay: -0.8s;\n\t\t\t  animation-delay: -0.8s;\n\t\t\t}\n\t\t\t@-webkit-keyframes rbs_gallery_69e22e4d7f663-stretchdelay {\n\t\t\t  0%, 40%, 100% { -webkit-transform: scaleY(0.4) }  \n\t\t\t  20% { -webkit-transform: scaleY(1.0) }\n\t\t\t}\n\t\t\t@keyframes rbs_gallery_69e22e4d7f663-stretchdelay {\n\t\t\t  0%, 40%, 100% { \n\t\t\t    transform: scaleY(0.4);\n\t\t\t    -webkit-transform: scaleY(0.4);\n\t\t\t  }  20% { \n\t\t\t    transform: scaleY(1.0);\n\t\t\t    -webkit-transform: scaleY(1.0);\n\t\t\t  }\n\t\t\t}\n\t\t<\/style><div class=\"robo-gallery-wrap robo-gallery-wrap-id428 robo-gallery-grid\" ><div id=\"rbs_gallery_69e22e4d7f663-block-loader\" class=\"rbs_gallery_69e22e4d7f663Spinner\"><div class=\"rbs_gallery_69e22e4d7f663Rect1\"><\/div> <div class=\"rbs_gallery_69e22e4d7f663Rect2\"><\/div> <div class=\"rbs_gallery_69e22e4d7f663Rect3\"><\/div> <div class=\"rbs_gallery_69e22e4d7f663Rect4\"><\/div> <div class=\"rbs_gallery_69e22e4d7f663Rect5\"><\/div><\/div><div id=\"robo_gallery_main_block_rbs_gallery_69e22e4d7f663\" class=\"robogallery-gallery-428\" style=\"width:100%;  display: none;\"><div id=\"rbs_gallery_69e22e4d7f663\" data-options=\"rbs_gallery_69e22e4d7f663\" style=\"width:100%;\" class=\"robo_gallery  \"><div class=\"rbs-img  category428 \" ><div class=\"rbs-img-image   rbs-lightbox \" ><div class=\"rbs-img-thumbs\"  data-thumbnail=\"https:\/\/alt.hirschen-buch.ch\/wp-content\/uploads\/2023\/09\/Hochzeitsapero-scaled.jpg\"  title=\"Hochzeitsapero\"  data-width=\"384\"  data-height=\"256\" ><\/div><div class=\"rbs-img-data-popup\"  data-popup=\"https:\/\/alt.hirschen-buch.ch\/wp-content\/uploads\/2023\/09\/Hochzeitsapero-scaled.jpg\"  title=\"\" ><\/div><div class=\"thumbnail-overlay\"><div class=\"rbsIcons\"><i class=\"fa fa-search-plus rbsZoomIcon \" ><\/i><\/div><\/div><\/div><\/div><div class=\"rbs-img  category428 \" ><div class=\"rbs-img-image   rbs-lightbox \" ><div class=\"rbs-img-thumbs\"  data-thumbnail=\"https:\/\/alt.hirschen-buch.ch\/wp-content\/uploads\/2023\/09\/IMG_7111-scaled.jpg\"  title=\"IMG_7111\"  data-width=\"384\"  data-height=\"256\" ><\/div><div class=\"rbs-img-data-popup\"  data-popup=\"https:\/\/alt.hirschen-buch.ch\/wp-content\/uploads\/2023\/09\/IMG_7111-scaled.jpg\"  title=\"\" ><\/div><div class=\"thumbnail-overlay\"><div class=\"rbsIcons\"><i class=\"fa fa-search-plus rbsZoomIcon \" ><\/i><\/div><\/div><\/div><\/div><div class=\"rbs-img  category428 \" ><div class=\"rbs-img-image   rbs-lightbox \" ><div class=\"rbs-img-thumbs\"  data-thumbnail=\"https:\/\/alt.hirschen-buch.ch\/wp-content\/uploads\/2023\/05\/Blick_aus_der_Hirschenscheune.jpeg\"  title=\"Blick_aus_der_Hirschenscheune\"  data-width=\"384\"  data-height=\"256\" ><\/div><div class=\"rbs-img-data-popup\"  data-popup=\"https:\/\/alt.hirschen-buch.ch\/wp-content\/uploads\/2023\/05\/Blick_aus_der_Hirschenscheune.jpeg\"  title=\"\" ><\/div><div class=\"thumbnail-overlay\"><div class=\"rbsIcons\"><i class=\"fa fa-search-plus rbsZoomIcon \" ><\/i><\/div><\/div><\/div><\/div><div class=\"rbs-img  category428 \" ><div class=\"rbs-img-image   rbs-lightbox \" ><div class=\"rbs-img-thumbs\"  data-thumbnail=\"https:\/\/alt.hirschen-buch.ch\/wp-content\/uploads\/2023\/05\/n_26.jpg\"  title=\"n_26\"  data-width=\"384\"  data-height=\"256\" ><\/div><div class=\"rbs-img-data-popup\"  data-popup=\"https:\/\/alt.hirschen-buch.ch\/wp-content\/uploads\/2023\/05\/n_26.jpg\"  title=\"\" ><\/div><div class=\"thumbnail-overlay\"><div class=\"rbsIcons\"><i class=\"fa fa-search-plus rbsZoomIcon \" ><\/i><\/div><\/div><\/div><\/div><div class=\"rbs-img  category428 \" ><div class=\"rbs-img-image   rbs-lightbox \" ><div class=\"rbs-img-thumbs\"  data-thumbnail=\"https:\/\/alt.hirschen-buch.ch\/wp-content\/uploads\/2023\/05\/Steintisch_im_Pavillion.jpeg\"  title=\"Steintisch_im_Pavillion\"  data-width=\"384\"  data-height=\"256\" ><\/div><div class=\"rbs-img-data-popup\"  data-popup=\"https:\/\/alt.hirschen-buch.ch\/wp-content\/uploads\/2023\/05\/Steintisch_im_Pavillion.jpeg\"  title=\"\" ><\/div><div class=\"thumbnail-overlay\"><div class=\"rbsIcons\"><i class=\"fa fa-search-plus rbsZoomIcon \" ><\/i><\/div><\/div><\/div><\/div><div class=\"rbs-img  category428 \" ><div class=\"rbs-img-image   rbs-lightbox \" ><div class=\"rbs-img-thumbs\"  data-thumbnail=\"https:\/\/alt.hirschen-buch.ch\/wp-content\/uploads\/2023\/05\/Weihergelaende_mit_Pavillon_und_Brueggli.jpeg\"  title=\"Weihergelaende_mit_Pavillon_und_Brueggli\"  data-width=\"384\"  data-height=\"256\" ><\/div><div class=\"rbs-img-data-popup\"  data-popup=\"https:\/\/alt.hirschen-buch.ch\/wp-content\/uploads\/2023\/05\/Weihergelaende_mit_Pavillon_und_Brueggli.jpeg\"  title=\"\" ><\/div><div class=\"thumbnail-overlay\"><div class=\"rbsIcons\"><i class=\"fa fa-search-plus rbsZoomIcon \" ><\/i><\/div><\/div><\/div><\/div><div class=\"rbs-img  category428 \" ><div class=\"rbs-img-image   rbs-lightbox \" ><div class=\"rbs-img-thumbs\"  data-thumbnail=\"https:\/\/alt.hirschen-buch.ch\/wp-content\/uploads\/2023\/09\/Aperoplatz7-scaled.jpg\"  title=\"Aperoplatz7\"  data-width=\"384\"  data-height=\"256\" ><\/div><div class=\"rbs-img-data-popup\"  data-popup=\"https:\/\/alt.hirschen-buch.ch\/wp-content\/uploads\/2023\/09\/Aperoplatz7-scaled.jpg\"  title=\"\" ><\/div><div class=\"thumbnail-overlay\"><div class=\"rbsIcons\"><i class=\"fa fa-search-plus rbsZoomIcon \" ><\/i><\/div><\/div><\/div><\/div><div class=\"rbs-img  category428 \" ><div class=\"rbs-img-image   rbs-lightbox \" ><div class=\"rbs-img-thumbs\"  data-thumbnail=\"https:\/\/alt.hirschen-buch.ch\/wp-content\/uploads\/2023\/09\/Aperoplatz6-scaled.jpg\"  title=\"Aperoplatz6\"  data-width=\"384\"  data-height=\"256\" ><\/div><div class=\"rbs-img-data-popup\"  data-popup=\"https:\/\/alt.hirschen-buch.ch\/wp-content\/uploads\/2023\/09\/Aperoplatz6-scaled.jpg\"  title=\"\" ><\/div><div class=\"thumbnail-overlay\"><div class=\"rbsIcons\"><i class=\"fa fa-search-plus rbsZoomIcon \" ><\/i><\/div><\/div><\/div><\/div><div class=\"rbs-img  category428 \" ><div class=\"rbs-img-image   rbs-lightbox \" ><div class=\"rbs-img-thumbs\"  data-thumbnail=\"https:\/\/alt.hirschen-buch.ch\/wp-content\/uploads\/2024\/09\/Hochzeitspaar-am-Weiher.jpg\"  title=\"Hochzeitspaar am Weiher\"  data-width=\"384\"  data-height=\"256\" ><\/div><div class=\"rbs-img-data-popup\"  data-popup=\"https:\/\/alt.hirschen-buch.ch\/wp-content\/uploads\/2024\/09\/Hochzeitspaar-am-Weiher.jpg\"  title=\"\" ><\/div><div class=\"thumbnail-overlay\"><div class=\"rbsIcons\"><i class=\"fa fa-search-plus rbsZoomIcon \" ><\/i><\/div><\/div><\/div><\/div><\/div><\/div><\/div><script>var rbs_gallery_69e22e4d7f663 = {\"version\":\"3.2.15\",\"id\":428,\"class\":\"id428\",\"roboGalleryDelay\":1000,\"mainContainer\":\"#robo_gallery_main_block_rbs_gallery_69e22e4d7f663\",\"loadingContainer\":\"#rbs_gallery_69e22e4d7f663-block-loader\",\"loadingContainerObj\":\"rbs_gallery_69e22e4d7f663-block-loader\",\"columnWidth\":\"auto\",\"columns\":3,\"resolutions\":[{\"columnWidth\":\"auto\",\"columns\":3,\"maxWidth\":960},{\"columnWidth\":\"auto\",\"columns\":2,\"maxWidth\":650},{\"columnWidth\":\"auto\",\"columns\":1,\"maxWidth\":450}],\"lightboxOptions\":{\"gallery\":{\"enabled\":true,\"tCounter\":\"%curr% of %total%\"}},\"overlayEffect\":\"direction-aware-fade\",\"boxesToLoadStart\":12,\"boxesToLoad\":8,\"waitUntilThumbLoads\":1,\"LoadingWord\":\"Loading...\",\"loadMoreWord\":\"Load More\",\"noMoreEntriesWord\":\"No More Entries\",\"horizontalSpaceBetweenBoxes\":15,\"verticalSpaceBetweenBoxes\":15,\"lazyLoad\":1,\"wrapContainer\":\"#robo-gallery-wrap-rbs_gallery_69e22e4d7f663\"};<\/script>\n","protected":false},"excerpt":{"rendered":"<p>Was gibt es Sch\u00f6neres als ein Ap\u00e9ro oder eine freie Trauung unter schattenspendenden Platanen an einem lauschigen Weiher? Gerne w\u00fcrden wir Sie in unserem sch\u00f6nen Weihergel\u00e4nde bewirten, welches unmittelbar angrenzend auf der Westseite der Hirschenscheune liegt. Der idyllische Pavillon und das romantische Weiherbr\u00fcggli bieten ideale Fotom\u00f6glichkeiten f\u00fcr unvergessliche Momente. Sehen Sie sich die folgenden Bilder [&hellip;]<\/p>\n","protected":false},"author":4,"featured_media":0,"parent":0,"menu_order":0,"comment_status":"closed","ping_status":"closed","template":"","meta":{"inline_featured_image":false,"_genesis_hide_title":false,"_genesis_hide_breadcrumbs":false,"_genesis_hide_singular_image":false,"_genesis_custom_body_class":"","_genesis_custom_post_class":"","_genesis_layout":"full-width-content","footnotes":""},"class_list":{"0":"post-354","1":"page","2":"type-page","3":"status-publish","5":"entry"},"featured_image_src":null,"featured_image_src_square":null,"_links":{"self":[{"href":"https:\/\/alt.hirschen-buch.ch\/index.php?rest_route=\/wp\/v2\/pages\/354","targetHints":{"allow":["GET"]}}],"collection":[{"href":"https:\/\/alt.hirschen-buch.ch\/index.php?rest_route=\/wp\/v2\/pages"}],"about":[{"href":"https:\/\/alt.hirschen-buch.ch\/index.php?rest_route=\/wp\/v2\/types\/page"}],"author":[{"embeddable":true,"href":"https:\/\/alt.hirschen-buch.ch\/index.php?rest_route=\/wp\/v2\/users\/4"}],"replies":[{"embeddable":true,"href":"https:\/\/alt.hirschen-buch.ch\/index.php?rest_route=%2Fwp%2Fv2%2Fcomments&post=354"}],"version-history":[{"count":0,"href":"https:\/\/alt.hirschen-buch.ch\/index.php?rest_route=\/wp\/v2\/pages\/354\/revisions"}],"wp:attachment":[{"href":"https:\/\/alt.hirschen-buch.ch\/index.php?rest_route=%2Fwp%2Fv2%2Fmedia&parent=354"}],"curies":[{"name":"wp","href":"https:\/\/api.w.org\/{rel}","templated":true}]}}